{"id":81,"date":"2026-03-11T16:13:58","date_gmt":"2026-03-11T15:13:58","guid":{"rendered":"https:\/\/mdagois.dev-campus.fr\/?page_id=81"},"modified":"2026-03-11T16:40:25","modified_gmt":"2026-03-11T15:40:25","slug":"mes-projets","status":"publish","type":"page","link":"https:\/\/mdagois.dev-campus.fr\/index.php\/mes-projets\/","title":{"rendered":"Mes projets"},"content":{"rendered":"\t\t<div data-elementor-type=\"wp-page\" data-elementor-id=\"81\" class=\"elementor elementor-81\">\n\t\t\t\t<div data-ka-cursor-size=\"1\" class=\"elementor-element elementor-element-4d20b58 e-flex e-con-boxed e-con e-parent\" data-id=\"4d20b58\" data-element_type=\"container\" data-e-type=\"container\" data-settings=\"{&quot;kng_cursor_interaction&quot;:&quot;default&quot;,&quot;kng_cursor_magnetic&quot;:&quot;none&quot;,&quot;kng_cursor_size_multiplier&quot;:{&quot;unit&quot;:&quot;px&quot;,&quot;size&quot;:1,&quot;sizes&quot;:[]}}\">\n\t\t\t\t\t<div class=\"e-con-inner\">\n\t\t\t\t<div data-ka-cursor-size=\"1\" class=\"elementor-element elementor-element-a33a5fb elementor-widget elementor-widget-spacer\" data-id=\"a33a5fb\" data-element_type=\"widget\" data-e-type=\"widget\" data-settings=\"{&quot;kng_cursor_interaction&quot;:&quot;default&quot;,&quot;kng_cursor_magnetic&quot;:&quot;none&quot;,&quot;kng_cursor_size_multiplier&quot;:{&quot;unit&quot;:&quot;px&quot;,&quot;size&quot;:1,&quot;sizes&quot;:[]}}\" data-widget_type=\"spacer.default\">\n\t\t\t\t\t\t\t<div class=\"elementor-spacer\">\n\t\t\t<div class=\"elementor-spacer-inner\"><\/div>\n\t\t<\/div>\n\t\t\t\t\t\t<\/div>\n\t\t\t\t\t<\/div>\n\t\t\t\t<\/div>\n\t\t<div data-ka-cursor-size=\"1\" class=\"elementor-element elementor-element-ba2e769 e-flex e-con-boxed e-con e-parent\" data-id=\"ba2e769\" data-element_type=\"container\" data-e-type=\"container\" data-settings=\"{&quot;kng_cursor_interaction&quot;:&quot;default&quot;,&quot;kng_cursor_magnetic&quot;:&quot;none&quot;,&quot;kng_cursor_size_multiplier&quot;:{&quot;unit&quot;:&quot;px&quot;,&quot;size&quot;:1,&quot;sizes&quot;:[]}}\">\n\t\t\t\t\t<div class=\"e-con-inner\">\n\t\t\t\t<div data-ka-cursor-size=\"1\" class=\"elementor-element elementor-element-8f695ff elementor-widget elementor-widget-heading\" data-id=\"8f695ff\" data-element_type=\"widget\" data-e-type=\"widget\" data-settings=\"{&quot;kng_cursor_interaction&quot;:&quot;default&quot;,&quot;kng_cursor_magnetic&quot;:&quot;none&quot;,&quot;kng_cursor_size_multiplier&quot;:{&quot;unit&quot;:&quot;px&quot;,&quot;size&quot;:1,&quot;sizes&quot;:[]}}\" data-widget_type=\"heading.default\">\n\t\t\t\t\t<h2 class=\"elementor-heading-title elementor-size-default\">Projets r\u00e9alis\u00e9s \u00e0 la CCI<\/h2>\t\t\t\t<\/div>\n\t\t\t\t\t<\/div>\n\t\t\t\t<\/div>\n\t\t\t\t<\/div>\n\t\t","protected":false},"excerpt":{"rendered":"<p>Projets r\u00e9alis\u00e9s \u00e0 la CCI<\/p>\n","protected":false},"author":1,"featured_media":0,"parent":0,"menu_order":0,"comment_status":"closed","ping_status":"closed","template":"","meta":{"site-sidebar-layout":"no-sidebar","site-content-layout":"","ast-site-content-layout":"full-width-container","site-content-style":"default","site-sidebar-style":"default","ast-global-header-display":"","ast-banner-title-visibility":"","ast-main-header-display":"","ast-hfb-above-header-display":"","ast-hfb-below-header-display":"","ast-hfb-mobile-header-display":"","site-post-title":"","ast-breadcrumbs-content":"","ast-featured-img":"disabled","footer-sml-layout":"","ast-disable-related-posts":"","theme-transparent-header-meta":"","adv-header-id-meta":"","stick-header-meta":"","header-above-stick-meta":"","header-main-stick-meta":"","header-below-stick-meta":"","astra-migrate-meta-layouts":"default","ast-page-background-enabled":"default","ast-page-background-meta":{"desktop":{"background-color":"var(--ast-global-color-5)","background-image":"","background-repeat":"repeat","background-position":"center center","background-size":"auto","background-attachment":"scroll","background-type":"","background-media":"","overlay-type":"","overlay-color":"","overlay-opacity":"","overlay-gradient":""},"tablet":{"background-color":"","background-image":"","background-repeat":"repeat","background-position":"center center","background-size":"auto","background-attachment":"scroll","background-type":"","background-media":"","overlay-type":"","overlay-color":"","overlay-opacity":"","overlay-gradient":""},"mobile":{"background-color":"","background-image":"","background-repeat":"repeat","background-position":"center center","background-size":"auto","background-attachment":"scroll","background-type":"","background-media":"","overlay-type":"","overlay-color":"","overlay-opacity":"","overlay-gradient":""}},"ast-content-background-meta":{"desktop":{"background-color":"var(--ast-global-color-4)","background-image":"","background-repeat":"repeat","background-position":"center center","background-size":"auto","background-attachment":"scroll","background-type":"","background-media":"","overlay-type":"","overlay-color":"","overlay-opacity":"","overlay-gradient":""},"tablet":{"background-color":"var(--ast-global-color-4)","background-image":"","background-repeat":"repeat","background-position":"center center","background-size":"auto","background-attachment":"scroll","background-type":"","background-media":"","overlay-type":"","overlay-color":"","overlay-opacity":"","overlay-gradient":""},"mobile":{"background-color":"var(--ast-global-color-4)","background-image":"","background-repeat":"repeat","background-position":"center center","background-size":"auto","background-attachment":"scroll","background-type":"","background-media":"","overlay-type":"","overlay-color":"","overlay-opacity":"","overlay-gradient":""}},"footnotes":""},"class_list":["post-81","page","type-page","status-publish","hentry"],"yoast_head":"<!-- This site is optimized with the Yoast SEO plugin v27.2 - https:\/\/yoast.com\/product\/yoast-seo-wordpress\/ -->\n<title>Mes projets - Portfolio Math\u00e9o Dagois<\/title>\n<meta name=\"robots\" content=\"index, follow, max-snippet:-1, max-image-preview:large, max-video-preview:-1\" \/>\n<link rel=\"canonical\" href=\"https:\/\/mdagois.dev-campus.fr\/index.php\/mes-projets\/\" \/>\n<meta property=\"og:locale\" content=\"fr_FR\" \/>\n<meta property=\"og:type\" content=\"article\" \/>\n<meta property=\"og:title\" content=\"Mes projets - Portfolio Math\u00e9o Dagois\" \/>\n<meta property=\"og:description\" content=\"Projets r\u00e9alis\u00e9s \u00e0 la CCI\" \/>\n<meta property=\"og:url\" content=\"https:\/\/mdagois.dev-campus.fr\/index.php\/mes-projets\/\" \/>\n<meta property=\"og:site_name\" content=\"Portfolio Math\u00e9o Dagois\" \/>\n<meta property=\"article:modified_time\" content=\"2026-03-11T15:40:25+00:00\" \/>\n<meta name=\"twitter:card\" content=\"summary_large_image\" \/>\n<meta name=\"twitter:label1\" content=\"Dur\u00e9e de lecture estim\u00e9e\" \/>\n\t<meta name=\"twitter:data1\" content=\"1 minute\" \/>\n<script type=\"application\/ld+json\" class=\"yoast-schema-graph\">{\"@context\":\"https:\/\/schema.org\",\"@graph\":[{\"@type\":\"WebPage\",\"@id\":\"https:\/\/mdagois.dev-campus.fr\/index.php\/mes-projets\/\",\"url\":\"https:\/\/mdagois.dev-campus.fr\/index.php\/mes-projets\/\",\"name\":\"Mes projets - Portfolio Math\u00e9o Dagois\",\"isPartOf\":{\"@id\":\"https:\/\/mdagois.dev-campus.fr\/#website\"},\"datePublished\":\"2026-03-11T15:13:58+00:00\",\"dateModified\":\"2026-03-11T15:40:25+00:00\",\"breadcrumb\":{\"@id\":\"https:\/\/mdagois.dev-campus.fr\/index.php\/mes-projets\/#breadcrumb\"},\"inLanguage\":\"fr-FR\",\"potentialAction\":[{\"@type\":\"ReadAction\",\"target\":[\"https:\/\/mdagois.dev-campus.fr\/index.php\/mes-projets\/\"]}]},{\"@type\":\"BreadcrumbList\",\"@id\":\"https:\/\/mdagois.dev-campus.fr\/index.php\/mes-projets\/#breadcrumb\",\"itemListElement\":[{\"@type\":\"ListItem\",\"position\":1,\"name\":\"Accueil\",\"item\":\"https:\/\/mdagois.dev-campus.fr\/\"},{\"@type\":\"ListItem\",\"position\":2,\"name\":\"Mes projets\"}]},{\"@type\":\"WebSite\",\"@id\":\"https:\/\/mdagois.dev-campus.fr\/#website\",\"url\":\"https:\/\/mdagois.dev-campus.fr\/\",\"name\":\"Portfolio Math\u00e9o Dagois\",\"description\":\"\",\"potentialAction\":[{\"@type\":\"SearchAction\",\"target\":{\"@type\":\"EntryPoint\",\"urlTemplate\":\"https:\/\/mdagois.dev-campus.fr\/?s={search_term_string}\"},\"query-input\":{\"@type\":\"PropertyValueSpecification\",\"valueRequired\":true,\"valueName\":\"search_term_string\"}}],\"inLanguage\":\"fr-FR\"}]}<\/script>\n<!-- \/ Yoast SEO plugin. -->","yoast_head_json":{"title":"Mes projets - Portfolio Math\u00e9o Dagois","robots":{"index":"index","follow":"follow","max-snippet":"max-snippet:-1","max-image-preview":"max-image-preview:large","max-video-preview":"max-video-preview:-1"},"canonical":"https:\/\/mdagois.dev-campus.fr\/index.php\/mes-projets\/","og_locale":"fr_FR","og_type":"article","og_title":"Mes projets - Portfolio Math\u00e9o Dagois","og_description":"Projets r\u00e9alis\u00e9s \u00e0 la CCI","og_url":"https:\/\/mdagois.dev-campus.fr\/index.php\/mes-projets\/","og_site_name":"Portfolio Math\u00e9o Dagois","article_modified_time":"2026-03-11T15:40:25+00:00","twitter_card":"summary_large_image","twitter_misc":{"Dur\u00e9e de lecture estim\u00e9e":"1 minute"},"schema":{"@context":"https:\/\/schema.org","@graph":[{"@type":"WebPage","@id":"https:\/\/mdagois.dev-campus.fr\/index.php\/mes-projets\/","url":"https:\/\/mdagois.dev-campus.fr\/index.php\/mes-projets\/","name":"Mes projets - Portfolio Math\u00e9o Dagois","isPartOf":{"@id":"https:\/\/mdagois.dev-campus.fr\/#website"},"datePublished":"2026-03-11T15:13:58+00:00","dateModified":"2026-03-11T15:40:25+00:00","breadcrumb":{"@id":"https:\/\/mdagois.dev-campus.fr\/index.php\/mes-projets\/#breadcrumb"},"inLanguage":"fr-FR","potentialAction":[{"@type":"ReadAction","target":["https:\/\/mdagois.dev-campus.fr\/index.php\/mes-projets\/"]}]},{"@type":"BreadcrumbList","@id":"https:\/\/mdagois.dev-campus.fr\/index.php\/mes-projets\/#breadcrumb","itemListElement":[{"@type":"ListItem","position":1,"name":"Accueil","item":"https:\/\/mdagois.dev-campus.fr\/"},{"@type":"ListItem","position":2,"name":"Mes projets"}]},{"@type":"WebSite","@id":"https:\/\/mdagois.dev-campus.fr\/#website","url":"https:\/\/mdagois.dev-campus.fr\/","name":"Portfolio Math\u00e9o Dagois","description":"","potentialAction":[{"@type":"SearchAction","target":{"@type":"EntryPoint","urlTemplate":"https:\/\/mdagois.dev-campus.fr\/?s={search_term_string}"},"query-input":{"@type":"PropertyValueSpecification","valueRequired":true,"valueName":"search_term_string"}}],"inLanguage":"fr-FR"}]}},"_links":{"self":[{"href":"https:\/\/mdagois.dev-campus.fr\/index.php\/wp-json\/wp\/v2\/pages\/81","targetHints":{"allow":["GET"]}}],"collection":[{"href":"https:\/\/mdagois.dev-campus.fr\/index.php\/wp-json\/wp\/v2\/pages"}],"about":[{"href":"https:\/\/mdagois.dev-campus.fr\/index.php\/wp-json\/wp\/v2\/types\/page"}],"author":[{"embeddable":true,"href":"https:\/\/mdagois.dev-campus.fr\/index.php\/wp-json\/wp\/v2\/users\/1"}],"replies":[{"embeddable":true,"href":"https:\/\/mdagois.dev-campus.fr\/index.php\/wp-json\/wp\/v2\/comments?post=81"}],"version-history":[{"count":6,"href":"https:\/\/mdagois.dev-campus.fr\/index.php\/wp-json\/wp\/v2\/pages\/81\/revisions"}],"predecessor-version":[{"id":98,"href":"https:\/\/mdagois.dev-campus.fr\/index.php\/wp-json\/wp\/v2\/pages\/81\/revisions\/98"}],"wp:attachment":[{"href":"https:\/\/mdagois.dev-campus.fr\/index.php\/wp-json\/wp\/v2\/media?parent=81"}],"curies":[{"name":"wp","href":"https:\/\/api.w.org\/{rel}","templated":true}]}}